{"id":950,"date":"2024-04-28T09:37:13","date_gmt":"2024-04-28T12:37:13","guid":{"rendered":"https:\/\/rotaautomotiva.com.br\/?post_type=product&#038;p=950"},"modified":"2024-05-14T20:51:17","modified_gmt":"2024-05-14T23:51:17","slug":"sensor-fluxo-de-ar-maf-fiesta-ranger-transit","status":"publish","type":"product","link":"https:\/\/rotaautomotiva.com.br\/index.php\/produto\/sensor-fluxo-de-ar-maf-fiesta-ranger-transit\/","title":{"rendered":"Sensor Fluxo De Ar Maf Fiesta Ranger Transit"},"content":{"rendered":"<p>Descri\u00e7\u00e3o<br \/>\nSensor do Fluxo de Ar MAF<\/p>\n<p>Ve\u00edculos compat\u00edveis:<br \/>\n* Ford New Fiesta 1.6 16v 2014\/<br \/>\n\u2022 Ford Ranger 2.2 16v Diesel \/ 3.2 20v Diesel 2013<br \/>\n\u2022 Ford Ranger 2.2 16v Diesel \/ 3.2 20v Diesel 2014<br \/>\n\u2022 Ford Ranger 2.2 16v Diesel \/ 3.2 20v Diesel 2015<br \/>\n\u2022 Ford Ranger 2.2 16v Diesel \/ 3.2 20v Diesel 2016&#8230;<br \/>\n\u2022 Ford Transit 2.2 16v Diesel 2013<br \/>\n\u2022 Ford Transit 2.2 16v Diesel 2014<br \/>\n\u2022 Ford Transit 2.2 16v Diese<\/p>\n<p>C\u00f3digo original do produto:<br \/>\n\u2022 8V2Z12B579A<br \/>\n\u2022 8V2Z-12B579-A<br \/>\n\u2022 8V21-12B579-AA<br \/>\n\u2022 8V2112B579AA<\/p>\n<p>Marca:<br \/>\n\u2022 Original Ford<\/p>\n<p>Itens inclusos:<br \/>\n\u2022 1 Sensor Maf<\/p>\n<p>Garantia do vendedor: 3 meses<\/p>\n","protected":false},"excerpt":{"rendered":"<p>Descri\u00e7\u00e3o Sensor do Fluxo de Ar MAF Ve\u00edculos compat\u00edveis: * Ford New Fiesta 1.6 16v 2014\/ \u2022 Ford Ranger 2.2 16v Diesel \/ 3.2 20v Diesel 2013 \u2022 Ford Ranger 2.2 16v Diesel \/ 3.2 20v Diesel 2014 \u2022 Ford Ranger 2.2 16v Diesel \/ 3.2 20v Diesel 2015 \u2022 Ford Ranger 2.2 16v Diesel [&hellip;]<\/p>\n","protected":false},"featured_media":952,"comment_status":"open","ping_status":"closed","template":"","meta":{"site-sidebar-layout":"default","site-content-layout":"default","ast-site-content-layout":"","site-content-style":"default","site-sidebar-style":"default","ast-global-header-display":"","ast-banner-title-visibility":"","ast-main-header-display":"","ast-hfb-above-header-display":"","ast-hfb-below-header-display":"","ast-hfb-mobile-header-display":"","site-post-title":"","ast-breadcrumbs-content":"","ast-featured-img":"","footer-sml-layout":"","theme-transparent-header-meta":"default","adv-header-id-meta":"","stick-header-meta":"","header-above-stick-meta":"","header-main-stick-meta":"","header-below-stick-meta":"","astra-migrate-meta-layouts":"default","ast-page-background-enabled":"default","ast-page-background-meta":{"desktop":{"background-color":"","background-image":"","background-repeat":"repeat","background-position":"center center","background-size":"auto","background-attachment":"scroll","background-type":"","background-media":"","overlay-type":"","overlay-color":"","overlay-opacity":"","overlay-gradient":""},"tablet":{"background-color":"","background-image":"","background-repeat":"repeat","background-position":"center center","background-size":"auto","background-attachment":"scroll","background-type":"","background-media":"","overlay-type":"","overlay-color":"","overlay-opacity":"","overlay-gradient":""},"mobile":{"background-color":"","background-image":"","background-repeat":"repeat","background-position":"center center","background-size":"auto","background-attachment":"scroll","background-type":"","background-media":"","overlay-type":"","overlay-color":"","overlay-opacity":"","overlay-gradient":""}},"ast-content-background-meta":{"desktop":{"background-color":"var(--ast-global-color-5)","background-image":"","background-repeat":"repeat","background-position":"center center","background-size":"auto","background-attachment":"scroll","background-type":"","background-media":"","overlay-type":"","overlay-color":"","overlay-opacity":"","overlay-gradient":""},"tablet":{"background-color":"var(--ast-global-color-5)","background-image":"","background-repeat":"repeat","background-position":"center center","background-size":"auto","background-attachment":"scroll","background-type":"","background-media":"","overlay-type":"","overlay-color":"","overlay-opacity":"","overlay-gradient":""},"mobile":{"background-color":"var(--ast-global-color-5)","background-image":"","background-repeat":"repeat","background-position":"center center","background-size":"auto","background-attachment":"scroll","background-type":"","background-media":"","overlay-type":"","overlay-color":"","overlay-opacity":"","overlay-gradient":""}}},"product_brand":[],"product_cat":[18],"product_tag":[],"class_list":{"0":"post-950","1":"product","2":"type-product","3":"status-publish","4":"has-post-thumbnail","6":"product_cat-sem-categoria","7":"desktop-align-left","8":"tablet-align-left","9":"mobile-align-left","11":"first","12":"instock","13":"shipping-taxable","14":"product-type-simple"},"_links":{"self":[{"href":"https:\/\/rotaautomotiva.com.br\/index.php\/wp-json\/wp\/v2\/product\/950","targetHints":{"allow":["GET"]}}],"collection":[{"href":"https:\/\/rotaautomotiva.com.br\/index.php\/wp-json\/wp\/v2\/product"}],"about":[{"href":"https:\/\/rotaautomotiva.com.br\/index.php\/wp-json\/wp\/v2\/types\/product"}],"replies":[{"embeddable":true,"href":"https:\/\/rotaautomotiva.com.br\/index.php\/wp-json\/wp\/v2\/comments?post=950"}],"wp:featuredmedia":[{"embeddable":true,"href":"https:\/\/rotaautomotiva.com.br\/index.php\/wp-json\/wp\/v2\/media\/952"}],"wp:attachment":[{"href":"https:\/\/rotaautomotiva.com.br\/index.php\/wp-json\/wp\/v2\/media?parent=950"}],"wp:term":[{"taxonomy":"product_brand","embeddable":true,"href":"https:\/\/rotaautomotiva.com.br\/index.php\/wp-json\/wp\/v2\/product_brand?post=950"},{"taxonomy":"product_cat","embeddable":true,"href":"https:\/\/rotaautomotiva.com.br\/index.php\/wp-json\/wp\/v2\/product_cat?post=950"},{"taxonomy":"product_tag","embeddable":true,"href":"https:\/\/rotaautomotiva.com.br\/index.php\/wp-json\/wp\/v2\/product_tag?post=950"}],"curies":[{"name":"wp","href":"https:\/\/api.w.org\/{rel}","templated":true}]}}